{"id":485,"date":"2025-10-11T14:59:09","date_gmt":"2025-10-11T14:59:09","guid":{"rendered":"https:\/\/themenectar.com\/salient\/signal\/?page_id=485"},"modified":"2026-03-16T16:49:46","modified_gmt":"2026-03-16T16:49:46","slug":"work","status":"publish","type":"page","link":"https:\/\/alcateia.stg.seegno.net\/index.php\/work\/","title":{"rendered":"Portf\u00f3lio"},"content":{"rendered":"[vc_row type=&#8221;full_width_content&#8221; full_screen_row_position=&#8221;middle&#8221; column_margin=&#8221;default&#8221; column_direction=&#8221;default&#8221; column_direction_tablet=&#8221;default&#8221; column_direction_phone=&#8221;default&#8221; bg_color=&#8221;#FFB50B&#8221; scene_position=&#8221;center&#8221; top_padding=&#8221;10%&#8221; bottom_padding=&#8221;5%&#8221; left_padding_desktop=&#8221;60px&#8221; constrain_group_2=&#8221;yes&#8221; right_padding_desktop=&#8221;60px&#8221; top_padding_tablet=&#8221;70&#8243; left_padding_tablet=&#8221;25px&#8221; constrain_group_4=&#8221;yes&#8221; right_padding_tablet=&#8221;25px&#8221; text_color=&#8221;dark&#8221; text_align=&#8221;left&#8221; row_border_radius=&#8221;none&#8221; row_border_radius_applies=&#8221;bg&#8221; row_position_desktop=&#8221;default&#8221; row_position_tablet=&#8221;inherit&#8221; row_position_phone=&#8221;inherit&#8221; overflow=&#8221;visible&#8221; overlay_strength=&#8221;0.3&#8243; gradient_direction=&#8221;left_to_right&#8221; shape_divider_position=&#8221;bottom&#8221; bg_image_animation=&#8221;none&#8221; gradient_type=&#8221;default&#8221; shape_type=&#8221;&#8221;][vc_column column_padding=&#8221;no-extra-padding&#8221; column_padding_tablet=&#8221;inherit&#8221; column_padding_phone=&#8221;inherit&#8221; column_padding_position=&#8221;all&#8221; flex_gap_desktop=&#8221;10px&#8221; column_element_direction_desktop=&#8221;default&#8221; column_element_spacing=&#8221;default&#8221; desktop_text_alignment=&#8221;default&#8221; tablet_text_alignment=&#8221;default&#8221; phone_text_alignment=&#8221;default&#8221; background_color_opacity=&#8221;1&#8243; background_hover_color_opacity=&#8221;1&#8243; column_backdrop_filter=&#8221;none&#8221; column_shadow=&#8221;none&#8221; column_border_radius=&#8221;none&#8221; column_link_target=&#8221;_self&#8221; column_position=&#8221;default&#8221; gradient_direction=&#8221;left_to_right&#8221; overlay_strength=&#8221;0.3&#8243; width=&#8221;1\/1&#8243; tablet_width_inherit=&#8221;default&#8221; animation_type=&#8221;default&#8221; bg_image_animation=&#8221;none&#8221; border_type=&#8221;simple&#8221; column_border_width=&#8221;none&#8221; column_border_style=&#8221;solid&#8221;][nectar_responsive_text inherited_font_style=&#8221;default&#8221; text_direction=&#8221;default&#8221;]\n<h2><span style=\"color: #ffffff;\">Cada projeto, uma hist\u00f3ria.<\/span><\/h2>\n<p>&nbsp;[\/nectar_responsive_text][nectar_responsive_text inherited_font_style=&#8221;default&#8221; text_direction=&#8221;default&#8221; font_size_tablet=&#8221;14px&#8221; font_size_phone=&#8221;16px&#8221;]\n<p class=\"p1\"><span style=\"color: #000000;\">N\u00e3o fazemos projetos avulsos.<\/span><br \/>\n<span style=\"color: #000000;\">Constru\u00edmos experi\u00eancias com prop\u00f3sito, em parceria com os nossos clientes.<\/span><br \/>\n<span style=\"color: #000000;\">Explore as hist\u00f3rias que temos constru\u00eddo <strong>juntos<\/strong>.<\/span><\/p>\n[\/nectar_responsive_text][nectar_post_grid post_type=&#8221;portfolio&#8221; portfolio_category=&#8221;all&#8221; portfolio_starting_category=&#8221;all&#8221; order=&#8221;DESC&#8221; orderby=&#8221;date&#8221; stack_animation_effect=&#8221;blurred_scale&#8221; columns=&#8221;1&#8243; columns_tablet=&#8221;default&#8221; columns_phone=&#8221;default&#8221; grid_item_spacing=&#8221;25px&#8221; grid_item_height=&#8221;90vh&#8221; grid_item_height_subtract_nav_height=&#8221;yes&#8221; image_size=&#8221;full&#8221; image_loading=&#8221;lazy-load&#8221; heading_tag=&#8221;h1&#8243; heading_tag_render=&#8221;default&#8221; font_size_max=&#8221;220px&#8221; enable_indicator=&#8221;yes&#8221; mouse_indicator_style=&#8221;tooltip_text&#8221; mouse_indicator_text=&#8221;view&#8221; mouse_indicator_color=&#8221;rgba(0,0,0,0.23)&#8221; mouse_indicator_text_color=&#8221;#ffffff&#8221; mouse_indicator_blurred_bg=&#8221;yes&#8221; display_categories=&#8221;yes&#8221; category_functionality=&#8221;static&#8221; category_style=&#8221;see-through-button&#8221; category_display=&#8221;parent_only&#8221; display_date=&#8221;yes&#8221; additional_meta_size=&#8221;small&#8221; custom_fields_location=&#8221;before_post_meta&#8221; custom_fields=&#8221;%5B%5D&#8221; grid_style=&#8221;content_overlaid&#8221; text_content_layout=&#8221;all_middle&#8221; color_overlay=&#8221;#141414&#8243; color_overlay_opacity=&#8221;0.2&#8243; color_overlay_hover_opacity=&#8221;0.2&#8243; text_color=&#8221;light&#8221; text_color_hover=&#8221;light&#8221; text_opacity=&#8221;1&#8243; text_hover_opacity=&#8221;1&#8243; hover_effect=&#8221;none&#8221; border_radius=&#8221;15px&#8221; posts_per_page=&#8221;5&#8243; display_type=&#8221;stack&#8221; custom_font_size=&#8221;9vw&#8221; font_size_tablet=&#8221;10vw&#8221; image_loading_lazy_skip=&#8221;2&#8243; font_line_height=&#8221;1.1&#8243; font_size_phone=&#8221;12vw&#8221;][\/vc_column][\/vc_row][vc_row type=&#8221;full_width_content&#8221; full_screen_row_position=&#8221;middle&#8221; column_margin=&#8221;default&#8221; column_direction=&#8221;default&#8221; column_direction_tablet=&#8221;default&#8221; column_direction_phone=&#8221;default&#8221; bg_color=&#8221;#FFFFFF&#8221; bg_image=&#8221;1148&#8243; bg_image_type=&#8221;default&#8221; bg_position=&#8221;center top&#8221; background_image_loading=&#8221;default&#8221; bg_repeat=&#8221;no-repeat&#8221; scene_position=&#8221;center&#8221; top_padding=&#8221;10%&#8221; bottom_padding=&#8221;10%&#8221; left_padding_desktop=&#8221;60px&#8221; constrain_group_2=&#8221;yes&#8221; right_padding_desktop=&#8221;60px&#8221; left_padding_tablet=&#8221;25px&#8221; constrain_group_4=&#8221;yes&#8221; right_padding_tablet=&#8221;25px&#8221; top_padding_phone=&#8221;5rem&#8221; constrain_group_5=&#8221;yes&#8221; bottom_padding_phone=&#8221;5rem&#8221; text_color=&#8221;dark&#8221; text_align=&#8221;left&#8221; row_border_radius=&#8221;none&#8221; row_border_radius_applies=&#8221;bg&#8221; row_position_desktop=&#8221;default&#8221; row_position_tablet=&#8221;inherit&#8221; row_position_phone=&#8221;inherit&#8221; overflow=&#8221;visible&#8221; id=&#8221;testimonials&#8221; overlay_strength=&#8221;0.3&#8243; gradient_direction=&#8221;left_to_right&#8221; shape_divider_position=&#8221;bottom&#8221; bg_image_animation=&#8221;none&#8221; gradient_type=&#8221;default&#8221; shape_type=&#8221;&#8221;][vc_column column_padding=&#8221;no-extra-padding&#8221; column_padding_tablet=&#8221;inherit&#8221; column_padding_phone=&#8221;inherit&#8221; column_padding_position=&#8221;all&#8221; column_element_direction_desktop=&#8221;default&#8221; column_element_spacing=&#8221;default&#8221; centered_text=&#8221;true&#8221; desktop_text_alignment=&#8221;default&#8221; tablet_text_alignment=&#8221;default&#8221; phone_text_alignment=&#8221;default&#8221; background_color_opacity=&#8221;1&#8243; background_hover_color_opacity=&#8221;1&#8243; column_backdrop_filter=&#8221;none&#8221; column_shadow=&#8221;none&#8221; column_border_radius=&#8221;none&#8221; column_link_target=&#8221;_self&#8221; column_position=&#8221;default&#8221; gradient_direction=&#8221;left_to_right&#8221; overlay_strength=&#8221;0.3&#8243; width=&#8221;1\/1&#8243; tablet_width_inherit=&#8221;default&#8221; animation_type=&#8221;default&#8221; bg_image_animation=&#8221;none&#8221; border_type=&#8221;simple&#8221; column_border_width=&#8221;none&#8221; column_border_style=&#8221;solid&#8221; flexbox_justify_content_tablet=&#8221;&#8221; flexbox_align_items_tablet=&#8221;&#8221; flexbox_direction_tablet=&#8221;&#8221; column_padding_type=&#8221;default&#8221; content_layout=&#8221;default&#8221; gradient_type=&#8221;default&#8221;][testimonial_slider style=&#8221;minimal&#8221; star_rating_color=&#8221;accent-color&#8221; disable_height_animation=&#8221;true&#8221; font_size_desktop=&#8221;2vw&#8221; font_line_height=&#8221;1.4&#8243;][testimonial image=&#8221;959&#8243; star_rating=&#8221;none&#8221; title=&#8221;Testimonial&#8221; id=&#8221;1763422583102-7&#8243; name=&#8221;Nome Cliente&#8221; subtitle=&#8221;Cargo \/ Empresa&#8221; quote=&#8221;&#8220;Lorem ipsum dolor sit amet, consectetur adipiscing elit. Ut sollicitudin, quam at maximus auctor, neque dolor viverra urna, id sollicitudin libero erat nec neque.&#8220;&#8221; tab_id=&#8221;1763422583102-4&#8243;][testimonial image=&#8221;964&#8243; star_rating=&#8221;none&#8221; title=&#8221;Testimonial&#8221; id=&#8221;1763422583113-0&#8243; name=&#8221;Nome Cliente&#8221; subtitle=&#8221;Cargo \/ Empresa&#8221; quote=&#8221;&#8220;Lorem ipsum dolor sit amet, consectetur adipiscing elit. Ut sollicitudin, quam at maximus auctor, neque dolor viverra urna, id sollicitudin libero erat nec neque.&#8220;&#8221; tab_id=&#8221;1763422583113-0&#8243;][testimonial image=&#8221;420&#8243; star_rating=&#8221;none&#8221; title=&#8221;Testimonial&#8221; id=&#8221;1763422583119-6&#8243; name=&#8221;Nome Cliente&#8221; subtitle=&#8221;Cargo \/ Empresa&#8221; quote=&#8221;&#8220;Lorem ipsum dolor sit amet, consectetur adipiscing elit. Ut sollicitudin, quam at maximus auctor, neque dolor viverra urna, id sollicitudin libero erat nec neque.&#8220;&#8221; tab_id=&#8221;1763422583119-8&#8243;][\/testimonial_slider][\/vc_column][\/vc_row]\n","protected":false},"excerpt":{"rendered":"<p>[vc_row type=&#8221;full_width_content&#8221; full_screen_row_position=&#8221;middle&#8221; column_margin=&#8221;default&#8221; column_direction=&#8221;default&#8221; column_direction_tablet=&#8221;default&#8221; column_direction_phone=&#8221;default&#8221; bg_color=&#8221;#FFB50B&#8221; scene_position=&#8221;center&#8221; top_padding=&#8221;10%&#8221; bottom_padding=&#8221;5%&#8221; left_padding_desktop=&#8221;60px&#8221; constrain_group_2=&#8221;yes&#8221; right_padding_desktop=&#8221;60px&#8221; top_padding_tablet=&#8221;70&#8243; left_padding_tablet=&#8221;25px&#8221; constrain_group_4=&#8221;yes&#8221; right_padding_tablet=&#8221;25px&#8221; text_color=&#8221;dark&#8221; text_align=&#8221;left&#8221; row_border_radius=&#8221;none&#8221; row_border_radius_applies=&#8221;bg&#8221; row_position_desktop=&#8221;default&#8221; row_position_tablet=&#8221;inherit&#8221; row_position_phone=&#8221;inherit&#8221; overflow=&#8221;visible&#8221; overlay_strength=&#8221;0.3&#8243; gradient_direction=&#8221;left_to_right&#8221; shape_divider_position=&#8221;bottom&#8221; bg_image_animation=&#8221;none&#8221; gradient_type=&#8221;default&#8221; shape_type=&#8221;&#8221;][vc_column column_padding=&#8221;no-extra-padding&#8221; column_padding_tablet=&#8221;inherit&#8221; column_padding_phone=&#8221;inherit&#8221; column_padding_position=&#8221;all&#8221; flex_gap_desktop=&#8221;10px&#8221; column_element_direction_desktop=&#8221;default&#8221; column_element_spacing=&#8221;default&#8221; desktop_text_alignment=&#8221;default&#8221;&#8230;<\/p>\n","protected":false},"author":2,"featured_media":0,"parent":0,"menu_order":0,"comment_status":"closed","ping_status":"closed","template":"","meta":{"footnotes":""},"class_list":["post-485","page","type-page","status-publish"],"_links":{"self":[{"href":"https:\/\/alcateia.stg.seegno.net\/index.php\/wp-json\/wp\/v2\/pages\/485","targetHints":{"allow":["GET"]}}],"collection":[{"href":"https:\/\/alcateia.stg.seegno.net\/index.php\/wp-json\/wp\/v2\/pages"}],"about":[{"href":"https:\/\/alcateia.stg.seegno.net\/index.php\/wp-json\/wp\/v2\/types\/page"}],"author":[{"embeddable":true,"href":"https:\/\/alcateia.stg.seegno.net\/index.php\/wp-json\/wp\/v2\/users\/2"}],"replies":[{"embeddable":true,"href":"https:\/\/alcateia.stg.seegno.net\/index.php\/wp-json\/wp\/v2\/comments?post=485"}],"version-history":[{"count":12,"href":"https:\/\/alcateia.stg.seegno.net\/index.php\/wp-json\/wp\/v2\/pages\/485\/revisions"}],"predecessor-version":[{"id":1161,"href":"https:\/\/alcateia.stg.seegno.net\/index.php\/wp-json\/wp\/v2\/pages\/485\/revisions\/1161"}],"wp:attachment":[{"href":"https:\/\/alcateia.stg.seegno.net\/index.php\/wp-json\/wp\/v2\/media?parent=485"}],"curies":[{"name":"wp","href":"https:\/\/api.w.org\/{rel}","templated":true}]}}